{"id":1445,"date":"2015-08-09T00:01:28","date_gmt":"2015-08-08T22:01:28","guid":{"rendered":"http:\/\/mikanews.de\/?page_id=1445"},"modified":"2015-08-16T17:09:53","modified_gmt":"2015-08-16T15:09:53","slug":"cookies","status":"publish","type":"page","link":"https:\/\/mikanews.de\/?page_id=1445","title":{"rendered":"Cookies"},"content":{"rendered":"<p>Cookies<\/p>\n<p>Wir verwenden Cookies, um Inhalte und Anzeigen zu personalisieren, Funktionen f\u00fcr soziale Medien anbieten zu k\u00f6nnen und die Zugriffe auf unsere Website zu analysieren. Au\u00dferdem geben wir Informationen zu Ihrer Nutzung unserer Website an unsere Partner f\u00fcr soziale Medien, Werbung und Analysen weiter.<\/p>\n<p>Cookies (Hinweis App)<\/p>\n<p>Wir verwenden Ger\u00e4tekennungen, um Inhalte und Anzeigen zu personalisieren, Funktionen f\u00fcr soziale Medien anbieten zu k\u00f6nnen und die Zugriffe auf unsere App zu analysieren. Au\u00dferdem geben wir diese Kennungen und andere Informationen \u00fcber Ihr Ger\u00e4t an unsere Partner f\u00fcr soziale Medien, Werbung und Analysen weiter.<\/p>\n<p>Weitere Hinweise zum Datenschutz: <a href=\"https:\/\/mikanews.de\/datenschutz\/\">&#8211;hier klicken&#8211;<\/a><\/p>\n<p>Oder direkt bei Google:\u00a0<a href=\"http:\/\/www.google.com\/intl\/de\/policies\/privacy\/partners\/\" target=\"_blank\">Verwendung von Cookies bei Google<\/a>\u00a0bzw. \u00a0<a href=\"https:\/\/support.google.com\/adsense\/answer\/2839090?vid=0-635753340383626329-12921130526969018473\" target=\"_blank\">&#8211;Mehr Infos&#8211;<\/a><\/p>\n","protected":false},"excerpt":{"rendered":"<p>Cookies Wir verwenden Cookies, um Inhalte und Anzeigen zu personalisieren, Funktionen f\u00fcr soziale Medien anbieten zu k\u00f6nnen und die Zugriffe auf unsere Website zu analysieren. Au\u00dferdem geben wir Informationen zu Ihrer Nutzung unserer Website an unsere Partner f\u00fcr soziale Medien, Werbung und Analysen weiter. Cookies (Hinweis App) Wir verwenden Ger\u00e4tekennungen, um Inhalte und Anzeigen zu &hellip; <a href=\"https:\/\/mikanews.de\/?page_id=1445\" class=\"more-link\"><span class=\"screen-reader-text\">Cookies<\/span> weiterlesen <span class=\"meta-nav\">&rarr;<\/span><\/a><\/p>\n","protected":false},"author":1,"featured_media":0,"parent":0,"menu_order":0,"comment_status":"closed","ping_status":"open","template":"","meta":{"ngg_post_thumbnail":0,"footnotes":""},"class_list":["post-1445","page","type-page","status-publish","hentry"],"jetpack_sharing_enabled":true,"jetpack_shortlink":"https:\/\/wp.me\/P6wBBU-nj","_links":{"self":[{"href":"https:\/\/mikanews.de\/index.php?rest_route=\/wp\/v2\/pages\/1445","targetHints":{"allow":["GET"]}}],"collection":[{"href":"https:\/\/mikanews.de\/index.php?rest_route=\/wp\/v2\/pages"}],"about":[{"href":"https:\/\/mikanews.de\/index.php?rest_route=\/wp\/v2\/types\/page"}],"author":[{"embeddable":true,"href":"https:\/\/mikanews.de\/index.php?rest_route=\/wp\/v2\/users\/1"}],"replies":[{"embeddable":true,"href":"https:\/\/mikanews.de\/index.php?rest_route=%2Fwp%2Fv2%2Fcomments&post=1445"}],"version-history":[{"count":4,"href":"https:\/\/mikanews.de\/index.php?rest_route=\/wp\/v2\/pages\/1445\/revisions"}],"predecessor-version":[{"id":2566,"href":"https:\/\/mikanews.de\/index.php?rest_route=\/wp\/v2\/pages\/1445\/revisions\/2566"}],"wp:attachment":[{"href":"https:\/\/mikanews.de\/index.php?rest_route=%2Fwp%2Fv2%2Fmedia&parent=1445"}],"curies":[{"name":"wp","href":"https:\/\/api.w.org\/{rel}","templated":true}]}}