{"id":292032,"date":"2021-12-12T21:57:08","date_gmt":"2021-12-12T20:57:08","guid":{"rendered":"http:\/\/mikanews.de\/?page_id=292032"},"modified":"2021-12-12T21:57:08","modified_gmt":"2021-12-12T20:57:08","slug":"funktionsmodellbau","status":"publish","type":"page","link":"https:\/\/mikanews.de\/?page_id=292032","title":{"rendered":"Funktionsmodellbau"},"content":{"rendered":"<p>Es gibt viele Facetten im Modellbaubereich. Darunter fallen genauso die Funktionsmodelle, wie die Vielfalt der Lastkraftwagen \/ Trucks mit den verschiedenen Zugmaschinen, Kipplastern, den Baufahrzeugen, wie Baggern, Kr\u00e4nen, Planierraupen und nicht zuletzt die Milit\u00e4rfahrzeuge, wie die Kettenfahrzeuge (u.a. Br\u00fcckenlege- \/ und Panzer) und diversen Fahrzeuge aus dem Bestand der Bundeswehr, anderen Armeen und fr\u00fcheren Jahren. Dabei steht der Scale-Charackter im Vordergrund und die Originalit\u00e4t vom Modell zum Original. Daf\u00fcr bietet der Markt zahlreiches Zubeh\u00f6r an. F\u00fcr Liebhaber dieser Modelle gibt es sehr gute Anbieter, die Modelle auf den Markt gebracht haben und bringen, welche dem Original in Nichts nachstehen. Das Sch\u00f6ne daran ist, dass diese Modelle voll einsatzbereit sind. So ein voll ausgestattestes Modell mit hydraulischen Komponenten kann schon mal mehrere Tausend Euro kostet. Zum Einstieg gibt es preiswerte Alternative, doch werdet ihr feststellen, dass die anderen Modelle wesentlich mehr k\u00f6nnen und sehr nah am Original sind. Dies betrifft nicht nur die technischen Details, wie das Aussehen, sondern geht bei der inneren Technik weiter.<\/p>\n<p>Am besten ihr \u00fcberzeugt euch von den Video hier auf dem YouTube Kanal.<\/p>\n<p><a href=\"https:\/\/www.youtube.com\/c\/Mikanews\/featured\" target=\"_blank\" rel=\"noopener noreferrer\"><img loading=\"lazy\" decoding=\"async\" class=\"aligncenter wp-image-146702 size-full\" src=\"https:\/\/mikanews.de\/wp-content\/uploads\/2017\/12\/Titelbild_mikanews_Youtube.jpg\" alt=\"\" width=\"180\" height=\"76\" \/><\/a><\/p>\n<p><iframe loading=\"lazy\" title=\"YouTube video player\" src=\"https:\/\/www.youtube-nocookie.com\/embed\/2afajQ6ZZ00\" width=\"200\" height=\"112\" frameborder=\"0\" allowfullscreen=\"allowfullscreen\"><\/iframe>\u00a0\u00a0\u00a0\u00a0\u00a0\u00a0\u00a0\u00a0\u00a0\u00a0\u00a0\u00a0\u00a0\u00a0\u00a0 <iframe loading=\"lazy\" title=\"YouTube video player\" src=\"https:\/\/www.youtube-nocookie.com\/embed\/VyTIHpRUp2w\" width=\"200\" height=\"112\" frameborder=\"0\" allowfullscreen=\"allowfullscreen\"><\/iframe><\/p>\n<p><iframe loading=\"lazy\" title=\"YouTube video player\" src=\"https:\/\/www.youtube-nocookie.com\/embed\/j8km8NiV73w\" width=\"200\" height=\"112\" frameborder=\"0\" allowfullscreen=\"allowfullscreen\"><\/iframe>\u00a0\u00a0\u00a0\u00a0\u00a0\u00a0\u00a0\u00a0\u00a0\u00a0\u00a0\u00a0\u00a0\u00a0\u00a0 <iframe loading=\"lazy\" title=\"YouTube video player\" src=\"https:\/\/www.youtube-nocookie.com\/embed\/MhSDasNjhBc\" width=\"200\" height=\"112\" frameborder=\"0\" allowfullscreen=\"allowfullscreen\"><\/iframe><\/p>\n<p><iframe loading=\"lazy\" title=\"YouTube video player\" src=\"https:\/\/www.youtube-nocookie.com\/embed\/q_nZsOFOrjM\" width=\"200\" height=\"112\" frameborder=\"0\" allowfullscreen=\"allowfullscreen\"><\/iframe>\u00a0\u00a0\u00a0\u00a0\u00a0\u00a0\u00a0\u00a0\u00a0\u00a0\u00a0\u00a0\u00a0\u00a0\u00a0 <iframe loading=\"lazy\" title=\"YouTube video player\" src=\"https:\/\/www.youtube-nocookie.com\/embed\/Hnt-gXzav7w\" width=\"200\" height=\"112\" frameborder=\"0\" allowfullscreen=\"allowfullscreen\"><\/iframe><\/p>\n<hr \/>\n<p>Hier findet ihr H\u00e4ndler, die sich auf diese Modelle und Zubeh\u00f6r spezialisiert haben:<\/p>\n<hr \/>\n<p><a href=\"https:\/\/mikanews.de\/wp-content\/uploads\/2015\/08\/werbung1.gif\" rel=\"lightbox[292032]\"><img loading=\"lazy\" decoding=\"async\" class=\"aligncenter size-medium wp-image-2362\" src=\"https:\/\/mikanews.de\/wp-content\/uploads\/2015\/08\/werbung1-300x80.gif\" alt=\"\" width=\"300\" height=\"80\" \/><\/a><\/p>\n<hr \/>\n<p>&nbsp;<\/p>\n","protected":false},"excerpt":{"rendered":"<p>Es gibt viele Facetten im Modellbaubereich. Darunter fallen genauso die Funktionsmodelle, wie die Vielfalt der Lastkraftwagen \/ Trucks mit den verschiedenen Zugmaschinen, Kipplastern, den Baufahrzeugen, wie Baggern, Kr\u00e4nen, Planierraupen und nicht zuletzt die Milit\u00e4rfahrzeuge, wie die Kettenfahrzeuge (u.a. Br\u00fcckenlege- \/ und Panzer) und diversen Fahrzeuge aus dem Bestand der Bundeswehr, anderen Armeen und fr\u00fcheren Jahren. &hellip; <a href=\"https:\/\/mikanews.de\/?page_id=292032\" class=\"more-link\"><span class=\"screen-reader-text\">Funktionsmodellbau<\/span> weiterlesen <span class=\"meta-nav\">&rarr;<\/span><\/a><\/p>\n","protected":false},"author":1,"featured_media":0,"parent":0,"menu_order":0,"comment_status":"closed","ping_status":"closed","template":"","meta":{"ngg_post_thumbnail":0,"footnotes":""},"class_list":["post-292032","page","type-page","status-publish","hentry"],"jetpack_sharing_enabled":true,"jetpack_shortlink":"https:\/\/wp.me\/P6wBBU-1dYc","_links":{"self":[{"href":"https:\/\/mikanews.de\/index.php?rest_route=\/wp\/v2\/pages\/292032","targetHints":{"allow":["GET"]}}],"collection":[{"href":"https:\/\/mikanews.de\/index.php?rest_route=\/wp\/v2\/pages"}],"about":[{"href":"https:\/\/mikanews.de\/index.php?rest_route=\/wp\/v2\/types\/page"}],"author":[{"embeddable":true,"href":"https:\/\/mikanews.de\/index.php?rest_route=\/wp\/v2\/users\/1"}],"replies":[{"embeddable":true,"href":"https:\/\/mikanews.de\/index.php?rest_route=%2Fwp%2Fv2%2Fcomments&post=292032"}],"version-history":[{"count":3,"href":"https:\/\/mikanews.de\/index.php?rest_route=\/wp\/v2\/pages\/292032\/revisions"}],"predecessor-version":[{"id":292035,"href":"https:\/\/mikanews.de\/index.php?rest_route=\/wp\/v2\/pages\/292032\/revisions\/292035"}],"wp:attachment":[{"href":"https:\/\/mikanews.de\/index.php?rest_route=%2Fwp%2Fv2%2Fmedia&parent=292032"}],"curies":[{"name":"wp","href":"https:\/\/api.w.org\/{rel}","templated":true}]}}