{"id":334,"date":"2015-08-02T14:04:44","date_gmt":"2015-08-02T12:04:44","guid":{"rendered":"http:\/\/mikanews.de\/?page_id=334"},"modified":"2015-08-02T14:04:44","modified_gmt":"2015-08-02T12:04:44","slug":"ueber-uns","status":"publish","type":"page","link":"https:\/\/mikanews.de\/?page_id=334","title":{"rendered":"\u00dcber uns"},"content":{"rendered":"<p>Wir, dass sind Michael Klaus und Karsten Hartinger. Seit vielen vielen Jahren sind wir aktiv in der RC-Car Szene unterwegs. So manchen Rennsieg konnten wir in dieser Zeit feiern, aber auch kleiner R\u00fcckschl\u00e4ge geh\u00f6rten dazu. In den Jahren waren\u00a0wir schon mit verschiedenen Fahrzeugen im Elektro 1\/10 und 1\/12 Bereich unterwegs. Die Entwicklung in diesem Bereich ging sehr schnell voran. Vor gut 10 Jahren waren noch NiMh-Akkus und Brushed-Motoren der letzte Schrei. Zwischen den einzelnen L\u00e4ufen hie\u00df es Motoren, also Kollektor abdrehen, Kohlen ggf. wechseln und Akkupflege. Heute ist das etwas ruhiger geworden. Es bleibt daf\u00fcr mehr Zeit f\u00fcr die Fahrzeugabstimmung und zum Small Talk.<\/p>\n<p>Sp\u00e4ter noch mehr\u2026\u2026\u2026.<\/p>\n","protected":false},"excerpt":{"rendered":"<p>Wir, dass sind Michael Klaus und Karsten Hartinger. Seit vielen vielen Jahren sind wir aktiv in der RC-Car Szene unterwegs. So manchen Rennsieg konnten wir in dieser Zeit feiern, aber auch kleiner R\u00fcckschl\u00e4ge geh\u00f6rten dazu. In den Jahren waren\u00a0wir schon mit verschiedenen Fahrzeugen im Elektro 1\/10 und 1\/12 Bereich unterwegs. Die Entwicklung in diesem Bereich &hellip; <a href=\"https:\/\/mikanews.de\/?page_id=334\" class=\"more-link\"><span class=\"screen-reader-text\">\u00dcber uns<\/span> weiterlesen <span class=\"meta-nav\">&rarr;<\/span><\/a><\/p>\n","protected":false},"author":1,"featured_media":0,"parent":0,"menu_order":0,"comment_status":"closed","ping_status":"open","template":"","meta":{"ngg_post_thumbnail":0,"footnotes":""},"class_list":["post-334","page","type-page","status-publish","hentry"],"jetpack_sharing_enabled":true,"jetpack_shortlink":"https:\/\/wp.me\/P6wBBU-5o","_links":{"self":[{"href":"https:\/\/mikanews.de\/index.php?rest_route=\/wp\/v2\/pages\/334","targetHints":{"allow":["GET"]}}],"collection":[{"href":"https:\/\/mikanews.de\/index.php?rest_route=\/wp\/v2\/pages"}],"about":[{"href":"https:\/\/mikanews.de\/index.php?rest_route=\/wp\/v2\/types\/page"}],"author":[{"embeddable":true,"href":"https:\/\/mikanews.de\/index.php?rest_route=\/wp\/v2\/users\/1"}],"replies":[{"embeddable":true,"href":"https:\/\/mikanews.de\/index.php?rest_route=%2Fwp%2Fv2%2Fcomments&post=334"}],"version-history":[{"count":1,"href":"https:\/\/mikanews.de\/index.php?rest_route=\/wp\/v2\/pages\/334\/revisions"}],"predecessor-version":[{"id":335,"href":"https:\/\/mikanews.de\/index.php?rest_route=\/wp\/v2\/pages\/334\/revisions\/335"}],"wp:attachment":[{"href":"https:\/\/mikanews.de\/index.php?rest_route=%2Fwp%2Fv2%2Fmedia&parent=334"}],"curies":[{"name":"wp","href":"https:\/\/api.w.org\/{rel}","templated":true}]}}